{"id":4494,"date":"2023-07-22T14:20:56","date_gmt":"2023-07-22T06:20:56","guid":{"rendered":"https:\/\/lf-tools.com\/?page_id=4494"},"modified":"2023-09-11T15:57:49","modified_gmt":"2023-09-11T07:57:49","slug":"boring-tools","status":"publish","type":"page","link":"http:\/\/lf-tools.com\/de\/boring-tools\/","title":{"rendered":"Boring tools"},"content":{"rendered":"<div data-elementor-type=\"wp-page\" data-elementor-id=\"4494\" class=\"elementor elementor-4494\" data-elementor-post-type=\"page\">\n\t\t\t\t\t\t<section class=\"elementor-section elementor-top-section elementor-element elementor-element-735a67cb elementor-section-height-min-height elementor-section-boxed elementor-section-height-default elementor-section-items-middle\" data-id=\"735a67cb\" data-element_type=\"section\" data-e-type=\"section\" data-settings=\"{&quot;background_background&quot;:&quot;classic&quot;}\">\n\t\t\t\t\t\t<div class=\"elementor-container elementor-column-gap-default\">\n\t\t\t\t\t<div class=\"elementor-column elementor-col-100 elementor-top-column elementor-element elementor-element-6d99d554\" data-id=\"6d99d554\" data-element_type=\"column\" data-e-type=\"column\">\n\t\t\t<div class=\"elementor-widget-wrap\">\n\t\t\t\t\t\t\t<\/div>\n\t\t<\/div>\n\t\t\t\t\t<\/div>\n\t\t<\/section>\n\t\t\t\t<section class=\"elementor-section elementor-top-section elementor-element elementor-element-4b32540d elementor-section-boxed elementor-section-height-default elementor-section-height-default\" data-id=\"4b32540d\" data-element_type=\"section\" data-e-type=\"section\">\n\t\t\t\t\t\t<div class=\"elementor-container elementor-column-gap-default\">\n\t\t\t\t\t<div class=\"elementor-column elementor-col-100 elementor-top-column elementor-element elementor-element-4849d2aa\" data-id=\"4849d2aa\" data-element_type=\"column\" data-e-type=\"column\">\n\t\t\t<div class=\"elementor-widget-wrap elementor-element-populated\">\n\t\t\t\t\t\t<div class=\"elementor-element elementor-element-40b919bf elementor-widget-divider--view-line elementor-widget elementor-widget-divider\" data-id=\"40b919bf\" data-element_type=\"widget\" data-e-type=\"widget\" data-widget_type=\"divider.default\">\n\t\t\t\t<div class=\"elementor-widget-container\">\n\t\t\t\t\t\t\t<div class=\"elementor-divider\">\n\t\t\t<span class=\"elementor-divider-separator\">\n\t\t\t\t\t\t<\/span>\n\t\t<\/div>\n\t\t\t\t\t\t<\/div>\n\t\t\t\t<\/div>\n\t\t\t\t<div class=\"elementor-element elementor-element-331194d0 elementor-widget elementor-widget-heading\" data-id=\"331194d0\" data-element_type=\"widget\" data-e-type=\"widget\" data-widget_type=\"heading.default\">\n\t\t\t\t<div class=\"elementor-widget-container\">\n\t\t\t\t\t<h2 class=\"elementor-heading-title elementor-size-default\">Aufbohrwerkzeuge\n<\/h2>\t\t\t\t<\/div>\n\t\t\t\t<\/div>\n\t\t\t\t\t<\/div>\n\t\t<\/div>\n\t\t\t\t\t<\/div>\n\t\t<\/section>\n\t\t\t\t<section class=\"elementor-section elementor-top-section elementor-element elementor-element-b93e817 elementor-section-boxed elementor-section-height-default elementor-section-height-default\" data-id=\"b93e817\" data-element_type=\"section\" data-e-type=\"section\">\n\t\t\t\t\t\t<div class=\"elementor-container elementor-column-gap-default\">\n\t\t\t\t\t<div class=\"elementor-column elementor-col-50 elementor-top-column elementor-element elementor-element-1dd84b3b\" data-id=\"1dd84b3b\" data-element_type=\"column\" data-e-type=\"column\">\n\t\t\t<div class=\"elementor-widget-wrap elementor-element-populated\">\n\t\t\t\t\t\t<div class=\"elementor-element elementor-element-2c570837 elementor-skin-slideshow elementor-widget-tablet__width-initial elementor-widget-mobile_extra__width-initial elementor-arrows-yes elementor-widget elementor-widget-media-carousel\" data-id=\"2c570837\" data-element_type=\"widget\" data-e-type=\"widget\" data-settings=\"{&quot;skin&quot;:&quot;slideshow&quot;,&quot;space_between&quot;:{&quot;unit&quot;:&quot;px&quot;,&quot;size&quot;:30,&quot;sizes&quot;:[]},&quot;effect&quot;:&quot;slide&quot;,&quot;show_arrows&quot;:&quot;yes&quot;,&quot;speed&quot;:500,&quot;autoplay&quot;:&quot;yes&quot;,&quot;autoplay_speed&quot;:5000,&quot;loop&quot;:&quot;yes&quot;,&quot;pause_on_hover&quot;:&quot;yes&quot;,&quot;pause_on_interaction&quot;:&quot;yes&quot;,&quot;space_between_laptop&quot;:{&quot;unit&quot;:&quot;px&quot;,&quot;size&quot;:10,&quot;sizes&quot;:[]},&quot;space_between_tablet&quot;:{&quot;unit&quot;:&quot;px&quot;,&quot;size&quot;:10,&quot;sizes&quot;:[]},&quot;space_between_mobile_extra&quot;:{&quot;unit&quot;:&quot;px&quot;,&quot;size&quot;:10,&quot;sizes&quot;:[]},&quot;space_between_mobile&quot;:{&quot;unit&quot;:&quot;px&quot;,&quot;size&quot;:10,&quot;sizes&quot;:[]}}\" data-widget_type=\"media-carousel.default\">\n\t\t\t\t<div class=\"elementor-widget-container\">\n\t\t\t\t\t\t\t\t\t<div class=\"elementor-swiper\">\n\t\t\t\t\t<div class=\"elementor-main-swiper swiper\" role=\"region\" aria-roledescription=\"carousel\" aria-label=\"Slides\">\n\t\t\t\t<div class=\"swiper-wrapper\">\n\t\t\t\t\t\t\t\t\t\t\t<div class=\"swiper-slide\" role=\"group\" aria-roledescription=\"slide\">\n\t\t\t\t\t\t\t\t\t<div class=\"elementor-carousel-image\" role=\"img\" aria-label=\"_N5A6652\" style=\"background-image: url(&#039;https:\/\/lf-tools.com\/wp-content\/uploads\/elementor\/thumbs\/N5A6652-qaz4l0m0elmmzdsw8u3t528zc31na52sy3u4dxxr40.png&#039;)\">\n\n\t\t\t\n\t\t\t\t\t<\/div>\n\t\t\t\t\t\t\t\t<\/div>\n\t\t\t\t\t\t\t\t\t\t\t<div class=\"swiper-slide\" role=\"group\" aria-roledescription=\"slide\">\n\t\t\t\t\t\t\t\t\t<div class=\"elementor-carousel-image\" role=\"img\" aria-label=\"_N5A6647\" style=\"background-image: url(&#039;https:\/\/lf-tools.com\/wp-content\/uploads\/elementor\/thumbs\/N5A6647-qaz4kwunn9hhoxycushav374yjk6fcnvll86gu3bsw.png&#039;)\">\n\n\t\t\t\n\t\t\t\t\t<\/div>\n\t\t\t\t\t\t\t\t<\/div>\n\t\t\t\t\t\t\t\t\t\t\t<div class=\"swiper-slide\" role=\"group\" aria-roledescription=\"slide\">\n\t\t\t\t\t\t\t\t\t<div class=\"elementor-carousel-image\" role=\"img\" aria-label=\"_N5A6653\" style=\"background-image: url(&#039;https:\/\/lf-tools.com\/wp-content\/uploads\/elementor\/thumbs\/N5A6653-qaz4l5b7crt2lfm2he4xzj2ab0ehcmlgmr3jsbqs8w.png&#039;)\">\n\n\t\t\t\n\t\t\t\t\t<\/div>\n\t\t\t\t\t\t\t\t<\/div>\n\t\t\t\t\t\t\t\t\t\t\t<div class=\"swiper-slide\" role=\"group\" aria-roledescription=\"slide\">\n\t\t\t\t\t\t\t\t\t<div class=\"elementor-carousel-image\" role=\"img\" aria-label=\"_N5A6656\" style=\"background-image: url(&#039;https:\/\/lf-tools.com\/wp-content\/uploads\/elementor\/thumbs\/N5A6656-qaz4l92k43y7vvglvfrg9i44ojvy7f0dz9phpfl7k0.png&#039;)\">\n\n\t\t\t\n\t\t\t\t\t<\/div>\n\t\t\t\t\t\t\t\t<\/div>\n\t\t\t\t\t\t\t\t\t\t\t<div class=\"swiper-slide\" role=\"group\" aria-roledescription=\"slide\">\n\t\t\t\t\t\t\t\t\t<div class=\"elementor-carousel-image\" role=\"img\" aria-label=\"_N5A6662\" style=\"background-image: url(&#039;https:\/\/lf-tools.com\/wp-content\/uploads\/elementor\/thumbs\/N5A6662-qaz4mwae2o7a7b2l9ncy4l663ts2ocjh7et2xv5eo0.png&#039;)\">\n\n\t\t\t\n\t\t\t\t\t<\/div>\n\t\t\t\t\t\t\t\t<\/div>\n\t\t\t\t\t\t\t\t\t\t\t<div class=\"swiper-slide\" role=\"group\" aria-roledescription=\"slide\">\n\t\t\t\t\t\t\t\t\t<div class=\"elementor-carousel-image\" role=\"img\" aria-label=\"_N5A6665\" style=\"background-image: url(&#039;https:\/\/lf-tools.com\/wp-content\/uploads\/elementor\/thumbs\/N5A6665-qaz4n0zl0udptcvri7e2z1zh2r4wqu24w22ic8yfsw.png&#039;)\">\n\n\t\t\t\n\t\t\t\t\t<\/div>\n\t\t\t\t\t\t\t\t<\/div>\n\t\t\t\t\t\t\t\t\t\t\t<div class=\"swiper-slide\" role=\"group\" aria-roledescription=\"slide\">\n\t\t\t\t\t\t\t\t\t<div class=\"elementor-carousel-image\" role=\"img\" aria-label=\"_N5A6666\" style=\"background-image: url(&#039;https:\/\/lf-tools.com\/wp-content\/uploads\/elementor\/thumbs\/N5A6666-qaz4n6mm5ulfr0nkl9tue0k8n2d410oiwtzf7wq2rk.png&#039;)\">\n\n\t\t\t\n\t\t\t\t\t<\/div>\n\t\t\t\t\t\t\t\t<\/div>\n\t\t\t\t\t\t\t\t\t\t\t<div class=\"swiper-slide\" role=\"group\" aria-roledescription=\"slide\">\n\t\t\t\t\t\t\t\t\t<div class=\"elementor-carousel-image\" role=\"img\" aria-label=\"_N5A6658\" style=\"background-image: url(&#039;https:\/\/lf-tools.com\/wp-content\/uploads\/elementor\/thumbs\/N5A6658-qaz4morojzwzmfdihk3xkn2hcqt4yrpmidl73ngk1s.png&#039;)\">\n\n\t\t\t\n\t\t\t\t\t<\/div>\n\t\t\t\t\t\t\t\t<\/div>\n\t\t\t\t\t\t\t\t\t<\/div>\n\t\t\t\t\t\t\t\t\t\t\t\t\t\t\t<div class=\"elementor-swiper-button elementor-swiper-button-prev\" role=\"button\" tabindex=\"0\" aria-label=\"Previous\">\n\t\t\t\t\t\t\t<i aria-hidden=\"true\" class=\"eicon-chevron-left\"><\/i>\t\t\t\t\t\t<\/div>\n\t\t\t\t\t\t<div class=\"elementor-swiper-button elementor-swiper-button-next\" role=\"button\" tabindex=\"0\" aria-label=\"Next\">\n\t\t\t\t\t\t\t<i aria-hidden=\"true\" class=\"eicon-chevron-right\"><\/i>\t\t\t\t\t\t<\/div>\n\t\t\t\t\t\t\t\t\t\t\t\t\t\t\t\t\t<\/div>\n\t\t\t\t<\/div>\n\t\t\t\t\t\t\t\t<div class=\"elementor-swiper\">\n\t\t\t\t\t<div class=\"elementor-main-swiper swiper elementor-thumbnails-swiper swiper\" role=\"region region\" aria-roledescription=\"carousel carousel\" aria-label=\"Slides Slides\">\n\t\t\t\t<div class=\"swiper-wrapper\">\n\t\t\t\t\t\t\t\t\t\t\t<div class=\"swiper-slide\" role=\"group\" aria-roledescription=\"slide\">\n\t\t\t\t\t\t\t\t\t<div class=\"elementor-carousel-image\" role=\"img\" aria-label=\"_N5A6652\" style=\"background-image: url(&#039;https:\/\/lf-tools.com\/wp-content\/uploads\/elementor\/thumbs\/N5A6652-qaz4l0m0elmmzdsw8u3t528zc31na52sy3u4dxxr40.png&#039;)\">\n\n\t\t\t\n\t\t\t\t\t<\/div>\n\t\t\t\t\t\t\t\t<\/div>\n\t\t\t\t\t\t\t\t\t\t\t<div class=\"swiper-slide\" role=\"group\" aria-roledescription=\"slide\">\n\t\t\t\t\t\t\t\t\t<div class=\"elementor-carousel-image\" role=\"img\" aria-label=\"_N5A6647\" style=\"background-image: url(&#039;https:\/\/lf-tools.com\/wp-content\/uploads\/elementor\/thumbs\/N5A6647-qaz4kwunn9hhoxycushav374yjk6fcnvll86gu3bsw.png&#039;)\">\n\n\t\t\t\n\t\t\t\t\t<\/div>\n\t\t\t\t\t\t\t\t<\/div>\n\t\t\t\t\t\t\t\t\t\t\t<div class=\"swiper-slide\" role=\"group\" aria-roledescription=\"slide\">\n\t\t\t\t\t\t\t\t\t<div class=\"elementor-carousel-image\" role=\"img\" aria-label=\"_N5A6653\" style=\"background-image: url(&#039;https:\/\/lf-tools.com\/wp-content\/uploads\/elementor\/thumbs\/N5A6653-qaz4l5b7crt2lfm2he4xzj2ab0ehcmlgmr3jsbqs8w.png&#039;)\">\n\n\t\t\t\n\t\t\t\t\t<\/div>\n\t\t\t\t\t\t\t\t<\/div>\n\t\t\t\t\t\t\t\t\t\t\t<div class=\"swiper-slide\" role=\"group\" aria-roledescription=\"slide\">\n\t\t\t\t\t\t\t\t\t<div class=\"elementor-carousel-image\" role=\"img\" aria-label=\"_N5A6656\" style=\"background-image: url(&#039;https:\/\/lf-tools.com\/wp-content\/uploads\/elementor\/thumbs\/N5A6656-qaz4l92k43y7vvglvfrg9i44ojvy7f0dz9phpfl7k0.png&#039;)\">\n\n\t\t\t\n\t\t\t\t\t<\/div>\n\t\t\t\t\t\t\t\t<\/div>\n\t\t\t\t\t\t\t\t\t\t\t<div class=\"swiper-slide\" role=\"group\" aria-roledescription=\"slide\">\n\t\t\t\t\t\t\t\t\t<div class=\"elementor-carousel-image\" role=\"img\" aria-label=\"_N5A6662\" style=\"background-image: url(&#039;https:\/\/lf-tools.com\/wp-content\/uploads\/elementor\/thumbs\/N5A6662-qaz4mwae2o7a7b2l9ncy4l663ts2ocjh7et2xv5eo0.png&#039;)\">\n\n\t\t\t\n\t\t\t\t\t<\/div>\n\t\t\t\t\t\t\t\t<\/div>\n\t\t\t\t\t\t\t\t\t\t\t<div class=\"swiper-slide\" role=\"group\" aria-roledescription=\"slide\">\n\t\t\t\t\t\t\t\t\t<div class=\"elementor-carousel-image\" role=\"img\" aria-label=\"_N5A6665\" style=\"background-image: url(&#039;https:\/\/lf-tools.com\/wp-content\/uploads\/elementor\/thumbs\/N5A6665-qaz4n0zl0udptcvri7e2z1zh2r4wqu24w22ic8yfsw.png&#039;)\">\n\n\t\t\t\n\t\t\t\t\t<\/div>\n\t\t\t\t\t\t\t\t<\/div>\n\t\t\t\t\t\t\t\t\t\t\t<div class=\"swiper-slide\" role=\"group\" aria-roledescription=\"slide\">\n\t\t\t\t\t\t\t\t\t<div class=\"elementor-carousel-image\" role=\"img\" aria-label=\"_N5A6666\" style=\"background-image: url(&#039;https:\/\/lf-tools.com\/wp-content\/uploads\/elementor\/thumbs\/N5A6666-qaz4n6mm5ulfr0nkl9tue0k8n2d410oiwtzf7wq2rk.png&#039;)\">\n\n\t\t\t\n\t\t\t\t\t<\/div>\n\t\t\t\t\t\t\t\t<\/div>\n\t\t\t\t\t\t\t\t\t\t\t<div class=\"swiper-slide\" role=\"group\" aria-roledescription=\"slide\">\n\t\t\t\t\t\t\t\t\t<div class=\"elementor-carousel-image\" role=\"img\" aria-label=\"_N5A6658\" style=\"background-image: url(&#039;https:\/\/lf-tools.com\/wp-content\/uploads\/elementor\/thumbs\/N5A6658-qaz4morojzwzmfdihk3xkn2hcqt4yrpmidl73ngk1s.png&#039;)\">\n\n\t\t\t\n\t\t\t\t\t<\/div>\n\t\t\t\t\t\t\t\t<\/div>\n\t\t\t\t\t\t\t\t\t<\/div>\n\t\t\t\t\t\t\t\t\t\t\t\t\t\t\t\t\t\t\t\t\t<\/div>\n\t\t\t\t<\/div>\n\t\t\t\t\t\t\t\t<\/div>\n\t\t\t\t<\/div>\n\t\t\t\t\t<\/div>\n\t\t<\/div>\n\t\t\t\t<div class=\"elementor-column elementor-col-50 elementor-top-column elementor-element elementor-element-48b3152c\" data-id=\"48b3152c\" data-element_type=\"column\" data-e-type=\"column\" data-settings=\"{&quot;background_background&quot;:&quot;classic&quot;}\">\n\t\t\t<div class=\"elementor-widget-wrap elementor-element-populated\">\n\t\t\t\t\t\t<div class=\"elementor-element elementor-element-67daaa4d elementor-widget elementor-widget-icon-box\" data-id=\"67daaa4d\" data-element_type=\"widget\" data-e-type=\"widget\" data-widget_type=\"icon-box.default\">\n\t\t\t\t<div class=\"elementor-widget-container\">\n\t\t\t\t\t\t\t<div class=\"elementor-icon-box-wrapper\">\n\n\t\t\t\n\t\t\t\t\t\t<div class=\"elementor-icon-box-content\">\n\n\t\t\t\t\t\t\t\t\t<h3 class=\"elementor-icon-box-title\">\n\t\t\t\t\t\t<span  >\n\t\t\t\t\t\t\tAufbohrwerkzeuge\t\t\t\t\t\t<\/span>\n\t\t\t\t\t<\/h3>\n\t\t\t\t\n\t\t\t\t\t\t\t\t\t<p class=\"elementor-icon-box-description\">\n\t\t\t\t\t\tBohrwerkzeuge werden in der Automobilindustrie, in der Luft- und Raumfahrt, im Schiffbau, im Formenbau, im Maschinenbau und in anderen Industriezweigen f\u00fcr die Bearbeitung der Innenfl\u00e4chen einer Vielzahl von L\u00f6chern eingesetzt, z. B. f\u00fcr die Bearbeitung von Gussl\u00f6chern, Lagergeh\u00e4usel\u00f6chern, Zylinderl\u00f6chern und so weiter.\n\nGanz gleich, ob Sie L\u00f6cher f\u00fcr die Gro\u00dfserienproduktion oder hochpr\u00e4zise L\u00f6cher f\u00fcr spezielle Anwendungen bearbeiten m\u00fcssen, Boring Tools erf\u00fcllen Ihre Anforderungen und bieten Ihnen eine stabile Schnittleistung und zuverl\u00e4ssige Bearbeitungsergebnisse.\t\t\t\t\t<\/p>\n\t\t\t\t\n\t\t\t<\/div>\n\t\t\t\n\t\t<\/div>\n\t\t\t\t\t\t<\/div>\n\t\t\t\t<\/div>\n\t\t\t\t<div class=\"elementor-element elementor-element-5fe90763 elementor-align-left elementor-tablet-align-left elementor-mobile_extra-align-left elementor-widget elementor-widget-button\" data-id=\"5fe90763\" data-element_type=\"widget\" data-e-type=\"widget\" data-widget_type=\"button.default\">\n\t\t\t\t<div class=\"elementor-widget-container\">\n\t\t\t\t\t\t\t\t\t<div class=\"elementor-button-wrapper\">\n\t\t\t\t\t<a class=\"elementor-button elementor-button-link elementor-size-sm\" href=\"\">\n\t\t\t\t\t\t<span class=\"elementor-button-content-wrapper\">\n\t\t\t\t\t\t\t\t\t<span class=\"elementor-button-text\">Hier klicken<\/span>\n\t\t\t\t\t<\/span>\n\t\t\t\t\t<\/a>\n\t\t\t\t<\/div>\n\t\t\t\t\t\t\t\t<\/div>\n\t\t\t\t<\/div>\n\t\t\t\t\t<\/div>\n\t\t<\/div>\n\t\t\t\t\t<\/div>\n\t\t<\/section>\n\t\t\t\t<\/div>","protected":false},"excerpt":{"rendered":"<p>Boring Tools Previous Next Boring Tools Boring Tools are widely used in automotive manufacturing, aerospace, shipbuilding, mold making, machinery manufacturing and other industries for machining the internal surfaces of a variety of holes, such as machining casting holes, bearing housing holes, cylinder holes and so on. Whether you need to machine holes for high volume [&hellip;]<\/p>","protected":false},"author":1,"featured_media":0,"parent":0,"menu_order":0,"comment_status":"closed","ping_status":"closed","template":"","meta":{"footnotes":""},"class_list":["post-4494","page","type-page","status-publish","hentry"],"_links":{"self":[{"href":"http:\/\/lf-tools.com\/de\/wp-json\/wp\/v2\/pages\/4494","targetHints":{"allow":["GET"]}}],"collection":[{"href":"http:\/\/lf-tools.com\/de\/wp-json\/wp\/v2\/pages"}],"about":[{"href":"http:\/\/lf-tools.com\/de\/wp-json\/wp\/v2\/types\/page"}],"author":[{"embeddable":true,"href":"http:\/\/lf-tools.com\/de\/wp-json\/wp\/v2\/users\/1"}],"replies":[{"embeddable":true,"href":"http:\/\/lf-tools.com\/de\/wp-json\/wp\/v2\/comments?post=4494"}],"version-history":[{"count":19,"href":"http:\/\/lf-tools.com\/de\/wp-json\/wp\/v2\/pages\/4494\/revisions"}],"predecessor-version":[{"id":5189,"href":"http:\/\/lf-tools.com\/de\/wp-json\/wp\/v2\/pages\/4494\/revisions\/5189"}],"wp:attachment":[{"href":"http:\/\/lf-tools.com\/de\/wp-json\/wp\/v2\/media?parent=4494"}],"curies":[{"name":"wp","href":"https:\/\/api.w.org\/{rel}","templated":true}]}}